{"id":2,"date":"2016-05-10T03:48:21","date_gmt":"2016-05-10T03:48:21","guid":{"rendered":"http:\/\/phoart.de\/?page_id=2"},"modified":"2022-02-28T16:51:23","modified_gmt":"2022-02-28T16:51:23","slug":"sample-page","status":"publish","type":"page","link":"https:\/\/phoart.de\/?page_id=2","title":{"rendered":"\u00dcber mich"},"content":{"rendered":"<p><img loading=\"lazy\" decoding=\"async\" class=\"alignnone size-medium wp-image-57\" src=\"http:\/\/phoart.de\/wp-content\/uploads\/2022\/02\/IMG_1407-300x300.jpg\" alt=\"\" width=\"300\" height=\"300\" srcset=\"https:\/\/phoart.de\/wp-content\/uploads\/2022\/02\/IMG_1407-300x300.jpg 300w, https:\/\/phoart.de\/wp-content\/uploads\/2022\/02\/IMG_1407-1024x1024.jpg 1024w, https:\/\/phoart.de\/wp-content\/uploads\/2022\/02\/IMG_1407-150x150.jpg 150w, https:\/\/phoart.de\/wp-content\/uploads\/2022\/02\/IMG_1407-768x768.jpg 768w, https:\/\/phoart.de\/wp-content\/uploads\/2022\/02\/IMG_1407-1536x1536.jpg 1536w, https:\/\/phoart.de\/wp-content\/uploads\/2022\/02\/IMG_1407-2048x2048.jpg 2048w\" sizes=\"auto, (max-width: 300px) 100vw, 300px\" \/><\/p>\n<p>Das bin ich in Norwegen. Ich bin ein Neuling im Bloggen und auch das Fotografieren habe ich jahrelang vernachl\u00e4ssigt.<br \/>Auf dieser Seite m\u00f6chte ich so oft es geht neue Bilder von mir ver\u00f6ffentlichen.<\/p>\n<p>\u00a0<\/p>\n\n\n<p><\/p>\n","protected":false},"excerpt":{"rendered":"<p>Das bin ich in Norwegen. Ich bin ein Neuling im Bloggen und auch das Fotografieren habe ich jahrelang vernachl\u00e4ssigt.Auf dieser Seite m\u00f6chte ich so oft es geht neue Bilder von mir ver\u00f6ffentlichen. \u00a0<\/p>\n","protected":false},"author":1,"featured_media":0,"parent":0,"menu_order":0,"comment_status":"closed","ping_status":"open","template":"","meta":{"footnotes":""},"class_list":["post-2","page","type-page","status-publish","hentry"],"_links":{"self":[{"href":"https:\/\/phoart.de\/index.php?rest_route=\/wp\/v2\/pages\/2","targetHints":{"allow":["GET"]}}],"collection":[{"href":"https:\/\/phoart.de\/index.php?rest_route=\/wp\/v2\/pages"}],"about":[{"href":"https:\/\/phoart.de\/index.php?rest_route=\/wp\/v2\/types\/page"}],"author":[{"embeddable":true,"href":"https:\/\/phoart.de\/index.php?rest_route=\/wp\/v2\/users\/1"}],"replies":[{"embeddable":true,"href":"https:\/\/phoart.de\/index.php?rest_route=%2Fwp%2Fv2%2Fcomments&post=2"}],"version-history":[{"count":7,"href":"https:\/\/phoart.de\/index.php?rest_route=\/wp\/v2\/pages\/2\/revisions"}],"predecessor-version":[{"id":67,"href":"https:\/\/phoart.de\/index.php?rest_route=\/wp\/v2\/pages\/2\/revisions\/67"}],"wp:attachment":[{"href":"https:\/\/phoart.de\/index.php?rest_route=%2Fwp%2Fv2%2Fmedia&parent=2"}],"curies":[{"name":"wp","href":"https:\/\/api.w.org\/{rel}","templated":true}]}}